{"id":10,"date":"2021-05-12T23:41:57","date_gmt":"2021-05-12T21:41:57","guid":{"rendered":"https:\/\/scotchandwater.de\/shop\/impressum\/"},"modified":"2021-07-18T12:37:33","modified_gmt":"2021-07-18T10:37:33","slug":"impressum","status":"publish","type":"page","link":"https:\/\/scotchandwater.de\/shop\/impressum\/","title":{"rendered":"Impressum"},"content":{"rendered":"<p><strong>Impressum\/Rechtliche Hinweise<\/strong><br \/>Alle Rechte sind vorbehalten, soweit nicht ausdr\u00fccklich etwas anderes angegeben wird.<br \/>Trotz sorgf\u00e4ltiger inhaltlicher Kontrolle \u00fcbernehme ich keine Haftung f\u00fcr die Inhalte externer Links.<\/p>\n<p>F\u00fcr den Inhalt der verlinkten Seiten sind ausschlie\u00dflich deren Betreiber verantwortlich. Ich \u00fcbernehme keine Gew\u00e4hr f\u00fcr die Aktualit\u00e4t, Korrektheit, Vollst\u00e4ndigkeit oder Qualit\u00e4t der dort bereitgestellten Informationen.<\/p>\n<p><strong>Verantwortlich f\u00fcr den Inhalt:<\/strong><br \/>Scotch &amp; Water Retail GbR<br \/>Haubachstra\u00dfe 38<br \/>22765 Hamburg<\/p>\n<p><strong>USt-IdNr.:<\/strong> <br \/>DE342074664<\/p>\n<div class=\"woocommerce woocommerce-gzd woocommerce-gzd-complaints-shortcode\">\n    <h3>Alternative Dispute Resolution in accordance with Art. 14 (1) ODR-VO and \u00a7 36 VSBG:<\/h3>\n\n<p>Die Europ\u00e4ische Kommission stellt eine Plattform zur Online-Streitbeilegung (OS) bereit, die du unter <a href=\"https:\/\/ec.europa.eu\/consumers\/odr\" target=\"_blank\">https:\/\/ec.europa.eu\/consumers\/odr<\/a> findest. Zur Teilnahme an einem Streitbeilegungsverfahren vor einer Verbraucherschlichtungsstelle sind wir nicht verpflichtet und nicht bereit.<\/p>\n<\/div>\n\n\n<p><\/p>\n","protected":false},"excerpt":{"rendered":"<p>Impressum\/Rechtliche HinweiseAlle Rechte sind vorbehalten, soweit nicht ausdr\u00fccklich etwas anderes angegeben wird.Trotz sorgf\u00e4ltiger inhaltlicher Kontrolle \u00fcbernehme ich keine Haftung f\u00fcr die Inhalte externer Links. F\u00fcr den Inhalt der verlinkten Seiten sind ausschlie\u00dflich deren Betreiber verantwortlich. Ich \u00fcbernehme keine Gew\u00e4hr f\u00fcr die Aktualit\u00e4t, Korrektheit, Vollst\u00e4ndigkeit oder Qualit\u00e4t der dort bereitgestellten Informationen. Verantwortlich f\u00fcr den Inhalt:Scotch &amp; [&hellip;]<\/p>\n","protected":false},"author":1,"featured_media":0,"parent":0,"menu_order":0,"comment_status":"closed","ping_status":"closed","template":"","meta":{"footnotes":""},"class_list":["post-10","page","type-page","status-publish","hentry"],"_links":{"self":[{"href":"https:\/\/scotchandwater.de\/shop\/wp-json\/wp\/v2\/pages\/10","targetHints":{"allow":["GET"]}}],"collection":[{"href":"https:\/\/scotchandwater.de\/shop\/wp-json\/wp\/v2\/pages"}],"about":[{"href":"https:\/\/scotchandwater.de\/shop\/wp-json\/wp\/v2\/types\/page"}],"author":[{"embeddable":true,"href":"https:\/\/scotchandwater.de\/shop\/wp-json\/wp\/v2\/users\/1"}],"replies":[{"embeddable":true,"href":"https:\/\/scotchandwater.de\/shop\/wp-json\/wp\/v2\/comments?post=10"}],"version-history":[{"count":5,"href":"https:\/\/scotchandwater.de\/shop\/wp-json\/wp\/v2\/pages\/10\/revisions"}],"predecessor-version":[{"id":155,"href":"https:\/\/scotchandwater.de\/shop\/wp-json\/wp\/v2\/pages\/10\/revisions\/155"}],"wp:attachment":[{"href":"https:\/\/scotchandwater.de\/shop\/wp-json\/wp\/v2\/media?parent=10"}],"curies":[{"name":"wp","href":"https:\/\/api.w.org\/{rel}","templated":true}]}}