{"id":14,"date":"2021-05-12T23:41:57","date_gmt":"2021-05-12T21:41:57","guid":{"rendered":"https:\/\/scotchandwater.de\/shop\/bezahlmoeglichkeiten\/"},"modified":"2021-05-22T17:18:15","modified_gmt":"2021-05-22T15:18:15","slug":"bezahlmoeglichkeiten","status":"publish","type":"page","link":"https:\/\/scotchandwater.de\/shop\/bezahlmoeglichkeiten\/","title":{"rendered":"Zahlungsarten"},"content":{"rendered":"<p><strong>Zahlungsarten<\/strong><\/p>\n<p>Ihr k\u00f6nnt eure Bestellungen bei uns wie folgt bezahlen:<\/p>\n<p><strong>Vorkasse \/ \u00dcberweisung<\/strong><\/p>\n<p>Ihr bestellt und \u00fcberweist das Geld anschlie\u00dfend auf unser Bankkonto.<br \/>\nDie Bankdaten seht ihr w\u00e4hrend des Bestellvorgangs und bekommt sie auch mit der Einkaufsbest\u00e4tigungsmail zugeschickt.<br \/>\nSobald das Geld auf unserem Konto ist, schicken wir das Paket an Euch raus.<\/p>\n<p><strong>Paypal<\/strong><\/p>\n<p>Ihr werdet nach dem Bestellvorgang zu Paypal weitergeleitet, um eure Zahlung an uns vorzunehmen. Wenn ihr noch kein Paypal-Konto habt, dann k\u00f6nnt ihr euch in diesem Schritt auch eines anlegen.<\/p>\n","protected":false},"excerpt":{"rendered":"<p>Zahlungsarten Ihr k\u00f6nnt eure Bestellungen bei uns wie folgt bezahlen: Vorkasse \/ \u00dcberweisung Ihr bestellt und \u00fcberweist das Geld anschlie\u00dfend auf unser Bankkonto. Die Bankdaten seht ihr w\u00e4hrend des Bestellvorgangs und bekommt sie auch mit der Einkaufsbest\u00e4tigungsmail zugeschickt. Sobald das Geld auf unserem Konto ist, schicken wir das Paket an Euch raus. Paypal Ihr werdet [&hellip;]<\/p>\n","protected":false},"author":1,"featured_media":0,"parent":0,"menu_order":0,"comment_status":"closed","ping_status":"closed","template":"","meta":{"footnotes":""},"class_list":["post-14","page","type-page","status-publish","hentry"],"_links":{"self":[{"href":"https:\/\/scotchandwater.de\/shop\/wp-json\/wp\/v2\/pages\/14","targetHints":{"allow":["GET"]}}],"collection":[{"href":"https:\/\/scotchandwater.de\/shop\/wp-json\/wp\/v2\/pages"}],"about":[{"href":"https:\/\/scotchandwater.de\/shop\/wp-json\/wp\/v2\/types\/page"}],"author":[{"embeddable":true,"href":"https:\/\/scotchandwater.de\/shop\/wp-json\/wp\/v2\/users\/1"}],"replies":[{"embeddable":true,"href":"https:\/\/scotchandwater.de\/shop\/wp-json\/wp\/v2\/comments?post=14"}],"version-history":[{"count":1,"href":"https:\/\/scotchandwater.de\/shop\/wp-json\/wp\/v2\/pages\/14\/revisions"}],"predecessor-version":[{"id":112,"href":"https:\/\/scotchandwater.de\/shop\/wp-json\/wp\/v2\/pages\/14\/revisions\/112"}],"wp:attachment":[{"href":"https:\/\/scotchandwater.de\/shop\/wp-json\/wp\/v2\/media?parent=14"}],"curies":[{"name":"wp","href":"https:\/\/api.w.org\/{rel}","templated":true}]}}